{"id":32703,"date":"2025-06-18T10:40:07","date_gmt":"2025-06-18T14:40:07","guid":{"rendered":"https:\/\/180degres.com\/press-review\/"},"modified":"2025-09-24T14:38:51","modified_gmt":"2025-09-24T18:38:51","slug":"press-review","status":"publish","type":"page","link":"https:\/\/180degres.com\/en\/press-review\/","title":{"rendered":"Press Review"},"content":{"rendered":"\n\n<h2>\n\t\t\tPress Review\t<\/h2>\n<h3>\n\t\t\t(in French)\t<\/h3>\n\t\t\t\t<a href=\"https:\/\/radiomediaplus.ca\/podcast\/tant-quil-y-aura-des-hommes-jeudi-2017-12-14\/\"  target=\"_blank\" rel=\"noopener nofollow\"  itemprop=\"url\">\n\t\t\t\t<img decoding=\"async\" src=\"https:\/\/radiomediaplus.ca\/wp-content\/uploads\/2017\/12\/tant-quil-y-aura-des-hommes-300x208.png\" alt=\"tant-quil-y-aura-des-hommes-300x208.png\" itemprop=\"image\" title=\"tant-quil-y-aura-des-hommes-300x208.png\" onerror=\"this.style.display='none'\" loading=\"lazy\" \/>\n\t\t\t\t<\/a>\n\t<p>Pour la derni\u00e8re de la saison 2017, &#8221; Les hommes ne veulent plus faire d&#8217;enfants, pourquoi ? &#8221; Lise et Olivier en discutent avec M. Patrice Berthiaume. <\/p>\n\t\t\t\t<a href=\"http:\/\/www.985fm.ca\/webradio\/\"  target=\"_blank\" rel=\"noopener nofollow\"  itemprop=\"url\">\n\t\t\t\t<img decoding=\"async\" src=\"https:\/\/180degres.com\/wp-content\/uploads\/2025\/06\/Screen-shot-2010-12-15-at-6.00.50-PM.jpg\" alt=\"Screen-shot-2010-12-15-at-6.00.50-PM\" itemprop=\"image\" height=\"126\" width=\"300\" title=\"Screen-shot-2010-12-15-at-6.00.50-PM\" onerror=\"this.style.display='none'\" loading=\"lazy\" \/>\n\t\t\t\t<\/a>\n\t<p>L&#8217;entrevue de Patrice Berthiaume avec Paul Arcand le lundi 20 d\u00e9cembre \u00e0 8h AM au 98,5 dans leur studio de Montr\u00e9al<\/p>\n\t\t\t\t<a href=\"http:\/\/www.kykradiox.com\/\"  target=\"_blank\" rel=\"noopener nofollow\"  itemprop=\"url\">\n\t\t\t\t<img decoding=\"async\" src=\"https:\/\/180degres.com\/wp-content\/uploads\/2025\/06\/Screen-shot-2010-12-08-at-5.22.03-PM.jpg\" alt=\"Screen-shot-2010-12-08-at-5.22.03-PM\" itemprop=\"image\" height=\"111\" width=\"158\" title=\"Screen-shot-2010-12-08-at-5.22.03-PM\" onerror=\"this.style.display='none'\" loading=\"lazy\" \/>\n\t\t\t\t<\/a>\n\t8 D\u00e9cembre 2010 \u00e0 12:00<br \/>\nUne entrevue radiophonique avec l&#8217;auteur Patrice Berthiaume sur les ondes de KYK \u00e0 Daignault le Midi\n\t\t<meta itemprop=\"url\" content=\"https:\/\/180degres.com\/wp-content\/uploads\/2025\/06\/Daigneault_le_midi_08_12_2010_12h00_12h20.mp3\" \/><audio class=\"wp-audio-shortcode\" id=\"audio-32703-1\" preload=\"none\" style=\"width: 100%;\" controls=\"controls\"><source type=\"audio\/mpeg\" src=\"https:\/\/180degres.com\/wp-content\/uploads\/2025\/06\/Daigneault_le_midi_08_12_2010_12h00_12h20.mp3?_=1\" \/><a href=\"https:\/\/180degres.com\/wp-content\/uploads\/2025\/06\/Daigneault_le_midi_08_12_2010_12h00_12h20.mp3\">https:\/\/180degres.com\/wp-content\/uploads\/2025\/06\/Daigneault_le_midi_08_12_2010_12h00_12h20.mp3<\/a><\/audio>\n\t\t\t\t<a href=\"http:\/\/www.lametropole.com\/blog\/daniel-rolland\/le-calvaire-de-l-homme-qui-bande\"  target=\"_blank\" rel=\"noopener nofollow\"  itemprop=\"url\">\n\t\t\t\t<img decoding=\"async\" src=\"https:\/\/180degres.com\/wp-content\/uploads\/2025\/06\/Screen-shot-2010-12-06-at-9.13.43-PM.jpg\" alt=\"Screen-shot-2010-12-06-at-9.13.43-PM\" itemprop=\"image\" height=\"79\" width=\"199\" title=\"Screen-shot-2010-12-06-at-9.13.43-PM\" onerror=\"this.style.display='none'\" loading=\"lazy\" \/>\n\t\t\t\t<\/a>\n\t\t\t\t<a href=\"http:\/\/www.lametropole.com\/blog\/daniel-rolland\/le-calvaire-de-l-homme-qui-bande\"  target=\"_blank\" rel=\"noopener nofollow\"  itemprop=\"url\">\n\t\t\t\t<img decoding=\"async\" src=\"https:\/\/180degres.com\/wp-content\/uploads\/2025\/06\/Screen-shot-2010-12-06-at-9.13.15-PM.jpg\" alt=\"Screen-shot-2010-12-06-at-9.13.15-PM\" itemprop=\"image\" height=\"154\" width=\"270\" title=\"Screen-shot-2010-12-06-at-9.13.15-PM\" onerror=\"this.style.display='none'\" loading=\"lazy\" \/>\n\t\t\t\t<\/a>\n\t\t\t\t<img decoding=\"async\" src=\"https:\/\/180degres.com\/wp-content\/uploads\/2025\/06\/Screen-shot-2010-12-06-at-11.19.45-PM.jpg\" alt=\"Screen-shot-2010-12-06-at-11.19.45-PM\" itemprop=\"image\" height=\"59\" width=\"209\" title=\"Screen-shot-2010-12-06-at-11.19.45-PM\" onerror=\"this.style.display='none'\" loading=\"lazy\" \/>\n\t\t\t\t<a href=\"http:\/\/www.lametropole.com\/blog\/daniel-rolland\/le-calvaire-de-l-homme-qui-bande\"  target=\"_blank\" rel=\"noopener nofollow\"  itemprop=\"url\">\n\t\t\t\t<img decoding=\"async\" src=\"https:\/\/180degres.com\/wp-content\/uploads\/2025\/06\/Screen-shot-2010-12-06-at-9.16.17-PM.jpg\" alt=\"Screen-shot-2010-12-06-at-9.16.17-PM\" itemprop=\"image\" height=\"101\" width=\"282\" title=\"Screen-shot-2010-12-06-at-9.16.17-PM\" onerror=\"this.style.display='none'\" loading=\"lazy\" \/>\n\t\t\t\t<\/a>\n\t\t\t\t<a href=\"http:\/\/www.personocratia.com\/\"  target=\"_blank\" rel=\"noopener nofollow\"  itemprop=\"url\">\n\t\t\t\t<img decoding=\"async\" src=\"https:\/\/180degres.com\/wp-content\/uploads\/2025\/06\/shapeimage_24.png\" alt=\"shapeimage_24\" itemprop=\"image\" height=\"83\" width=\"110\" title=\"shapeimage_24\" onerror=\"this.style.display='none'\" loading=\"lazy\" \/>\n\t\t\t\t<\/a>\n\t\t\t\t<a href=\"http:\/\/www.personocratia.com\/\"  target=\"_blank\" rel=\"noopener nofollow\"  itemprop=\"url\">\n\t\t\t\t<img decoding=\"async\" src=\"https:\/\/180degres.com\/wp-content\/uploads\/2025\/06\/Screen-shot-2011-04-12-at-7.47.40-PM.jpg\" alt=\"Screen-shot-2011-04-12-at-7.47.40-PM\" itemprop=\"image\" height=\"45\" width=\"269\" title=\"Screen-shot-2011-04-12-at-7.47.40-PM\" onerror=\"this.style.display='none'\" loading=\"lazy\" \/>\n\t\t\t\t<\/a>\n\t\t\t\t<a href=\"http:\/\/www.dailymotion.com\/video\/xhq7cy_le-sexe-a-t-il-un-avenir_webcam\"  target=\"_blank\" rel=\"noopener nofollow\"  itemprop=\"url\">\n\t\t\t\t<img decoding=\"async\" src=\"https:\/\/180degres.com\/wp-content\/uploads\/2025\/06\/Ghis-Patrice-2.jpg\" alt=\"Ghis-Patrice-2\" itemprop=\"image\" height=\"119\" width=\"215\" title=\"Ghis-Patrice-2\" onerror=\"this.style.display='none'\" loading=\"lazy\" \/>\n\t\t\t\t<\/a>\n\t<p><a href=\"http:\/\/www.dailymotion.com\/video\/xhq7cy_le-sexe-a-t-il-un-avenir_webcam\">\u00c9coutez l&#8217;entrevue de Ghis et Patrice Berthiaume<\/a><\/p>\n\t\t\t\t<img decoding=\"async\" src=\"https:\/\/180degres.com\/wp-content\/uploads\/2025\/06\/Screen-shot-2011-04-14-at-12.09.10-PM.jpg\" alt=\"Screen-shot-2011-04-14-at-12.09.10-PM\" itemprop=\"image\" height=\"146\" width=\"300\" title=\"Screen-shot-2011-04-14-at-12.09.10-PM\" onerror=\"this.style.display='none'\" loading=\"lazy\" \/>\n\t<p>Lire la revue de presse du livre dans Agenda Plus en Belgique: <a href=\"https:\/\/180degres.com\/wp-content\/uploads\/2014\/05\/92.pdf\">agenda plus Belgique.pdf<\/a><\/p>\n\n","protected":false},"excerpt":{"rendered":"<p>Press Review (in French) Pour la derni\u00e8re de la saison 2017, &#8221; Les hommes ne veulent plus faire d&#8217;enfants, pourquoi ? &#8221; Lise et Olivier en discutent avec M. Patrice Berthiaume. L&#8217;entrevue de Patrice Berthiaume avec Paul Arcand le lundi 20 d\u00e9cembre \u00e0 8h AM au 98,5 dans leur studio de Montr\u00e9al 8 D\u00e9cembre 2010&hellip;<\/p>\n","protected":false},"author":1,"featured_media":0,"parent":0,"menu_order":0,"comment_status":"closed","ping_status":"closed","template":"","meta":{"footnotes":""},"class_list":["post-32703","page","type-page","status-publish","hentry"],"yoast_head":"<!-- This site is optimized with the Yoast SEO plugin v27.3 - https:\/\/yoast.com\/product\/yoast-seo-wordpress\/ -->\n<title>Press Review - \u00c9ditions 180 degr\u00e9s<\/title>\n<meta name=\"robots\" content=\"index, follow, max-snippet:-1, max-image-preview:large, max-video-preview:-1\" \/>\n<link rel=\"canonical\" href=\"https:\/\/180degres.com\/en\/press-review\/\" \/>\n<meta property=\"og:locale\" content=\"en_US\" \/>\n<meta property=\"og:type\" content=\"article\" \/>\n<meta property=\"og:title\" content=\"Press Review - \u00c9ditions 180 degr\u00e9s\" \/>\n<meta property=\"og:description\" content=\"Press Review (in French) Pour la derni\u00e8re de la saison 2017, &#8221; Les hommes ne veulent plus faire d&#8217;enfants, pourquoi ? &#8221; Lise et Olivier en discutent avec M. Patrice Berthiaume. L&#8217;entrevue de Patrice Berthiaume avec Paul Arcand le lundi 20 d\u00e9cembre \u00e0 8h AM au 98,5 dans leur studio de Montr\u00e9al 8 D\u00e9cembre 2010&hellip;\" \/>\n<meta property=\"og:url\" content=\"https:\/\/180degres.com\/en\/press-review\/\" \/>\n<meta property=\"og:site_name\" content=\"\u00c9ditions 180 degr\u00e9s\" \/>\n<meta property=\"article:modified_time\" content=\"2025-09-24T18:38:51+00:00\" \/>\n<meta property=\"og:image\" content=\"https:\/\/radiomediaplus.ca\/wp-content\/uploads\/2017\/12\/tant-quil-y-aura-des-hommes-300x208.png\" \/>\n<meta name=\"twitter:card\" content=\"summary_large_image\" \/>\n<meta name=\"twitter:label1\" content=\"Est. reading time\" \/>\n\t<meta name=\"twitter:data1\" content=\"1 minute\" \/>\n<script type=\"application\/ld+json\" class=\"yoast-schema-graph\">{\"@context\":\"https:\\\/\\\/schema.org\",\"@graph\":[{\"@type\":\"WebPage\",\"@id\":\"https:\\\/\\\/180degres.com\\\/en\\\/press-review\\\/\",\"url\":\"https:\\\/\\\/180degres.com\\\/en\\\/press-review\\\/\",\"name\":\"Press Review - \u00c9ditions 180 degr\u00e9s\",\"isPartOf\":{\"@id\":\"https:\\\/\\\/180degres.com\\\/en\\\/#website\"},\"primaryImageOfPage\":{\"@id\":\"https:\\\/\\\/180degres.com\\\/en\\\/press-review\\\/#primaryimage\"},\"image\":{\"@id\":\"https:\\\/\\\/180degres.com\\\/en\\\/press-review\\\/#primaryimage\"},\"thumbnailUrl\":\"https:\\\/\\\/radiomediaplus.ca\\\/wp-content\\\/uploads\\\/2017\\\/12\\\/tant-quil-y-aura-des-hommes-300x208.png\",\"datePublished\":\"2025-06-18T14:40:07+00:00\",\"dateModified\":\"2025-09-24T18:38:51+00:00\",\"breadcrumb\":{\"@id\":\"https:\\\/\\\/180degres.com\\\/en\\\/press-review\\\/#breadcrumb\"},\"inLanguage\":\"en-US\",\"potentialAction\":[{\"@type\":\"ReadAction\",\"target\":[\"https:\\\/\\\/180degres.com\\\/en\\\/press-review\\\/\"]}]},{\"@type\":\"ImageObject\",\"inLanguage\":\"en-US\",\"@id\":\"https:\\\/\\\/180degres.com\\\/en\\\/press-review\\\/#primaryimage\",\"url\":\"https:\\\/\\\/radiomediaplus.ca\\\/wp-content\\\/uploads\\\/2017\\\/12\\\/tant-quil-y-aura-des-hommes-300x208.png\",\"contentUrl\":\"https:\\\/\\\/radiomediaplus.ca\\\/wp-content\\\/uploads\\\/2017\\\/12\\\/tant-quil-y-aura-des-hommes-300x208.png\"},{\"@type\":\"BreadcrumbList\",\"@id\":\"https:\\\/\\\/180degres.com\\\/en\\\/press-review\\\/#breadcrumb\",\"itemListElement\":[{\"@type\":\"ListItem\",\"position\":1,\"name\":\"Accueil\",\"item\":\"https:\\\/\\\/180degres.com\\\/en\\\/accueil\\\/\"},{\"@type\":\"ListItem\",\"position\":2,\"name\":\"Press Review\"}]},{\"@type\":\"WebSite\",\"@id\":\"https:\\\/\\\/180degres.com\\\/en\\\/#website\",\"url\":\"https:\\\/\\\/180degres.com\\\/en\\\/\",\"name\":\"\u00c9ditions 180 degr\u00e9s\",\"description\":\"Site de l&#039;auteur Patrice Berthiaume\",\"potentialAction\":[{\"@type\":\"SearchAction\",\"target\":{\"@type\":\"EntryPoint\",\"urlTemplate\":\"https:\\\/\\\/180degres.com\\\/en\\\/?s={search_term_string}\"},\"query-input\":{\"@type\":\"PropertyValueSpecification\",\"valueRequired\":true,\"valueName\":\"search_term_string\"}}],\"inLanguage\":\"en-US\"}]}<\/script>\n<!-- \/ Yoast SEO plugin. -->","yoast_head_json":{"title":"Press Review - \u00c9ditions 180 degr\u00e9s","robots":{"index":"index","follow":"follow","max-snippet":"max-snippet:-1","max-image-preview":"max-image-preview:large","max-video-preview":"max-video-preview:-1"},"canonical":"https:\/\/180degres.com\/en\/press-review\/","og_locale":"en_US","og_type":"article","og_title":"Press Review - \u00c9ditions 180 degr\u00e9s","og_description":"Press Review (in French) Pour la derni\u00e8re de la saison 2017, &#8221; Les hommes ne veulent plus faire d&#8217;enfants, pourquoi ? &#8221; Lise et Olivier en discutent avec M. Patrice Berthiaume. L&#8217;entrevue de Patrice Berthiaume avec Paul Arcand le lundi 20 d\u00e9cembre \u00e0 8h AM au 98,5 dans leur studio de Montr\u00e9al 8 D\u00e9cembre 2010&hellip;","og_url":"https:\/\/180degres.com\/en\/press-review\/","og_site_name":"\u00c9ditions 180 degr\u00e9s","article_modified_time":"2025-09-24T18:38:51+00:00","og_image":[{"url":"https:\/\/radiomediaplus.ca\/wp-content\/uploads\/2017\/12\/tant-quil-y-aura-des-hommes-300x208.png","type":"","width":"","height":""}],"twitter_card":"summary_large_image","twitter_misc":{"Est. reading time":"1 minute"},"schema":{"@context":"https:\/\/schema.org","@graph":[{"@type":"WebPage","@id":"https:\/\/180degres.com\/en\/press-review\/","url":"https:\/\/180degres.com\/en\/press-review\/","name":"Press Review - \u00c9ditions 180 degr\u00e9s","isPartOf":{"@id":"https:\/\/180degres.com\/en\/#website"},"primaryImageOfPage":{"@id":"https:\/\/180degres.com\/en\/press-review\/#primaryimage"},"image":{"@id":"https:\/\/180degres.com\/en\/press-review\/#primaryimage"},"thumbnailUrl":"https:\/\/radiomediaplus.ca\/wp-content\/uploads\/2017\/12\/tant-quil-y-aura-des-hommes-300x208.png","datePublished":"2025-06-18T14:40:07+00:00","dateModified":"2025-09-24T18:38:51+00:00","breadcrumb":{"@id":"https:\/\/180degres.com\/en\/press-review\/#breadcrumb"},"inLanguage":"en-US","potentialAction":[{"@type":"ReadAction","target":["https:\/\/180degres.com\/en\/press-review\/"]}]},{"@type":"ImageObject","inLanguage":"en-US","@id":"https:\/\/180degres.com\/en\/press-review\/#primaryimage","url":"https:\/\/radiomediaplus.ca\/wp-content\/uploads\/2017\/12\/tant-quil-y-aura-des-hommes-300x208.png","contentUrl":"https:\/\/radiomediaplus.ca\/wp-content\/uploads\/2017\/12\/tant-quil-y-aura-des-hommes-300x208.png"},{"@type":"BreadcrumbList","@id":"https:\/\/180degres.com\/en\/press-review\/#breadcrumb","itemListElement":[{"@type":"ListItem","position":1,"name":"Accueil","item":"https:\/\/180degres.com\/en\/accueil\/"},{"@type":"ListItem","position":2,"name":"Press Review"}]},{"@type":"WebSite","@id":"https:\/\/180degres.com\/en\/#website","url":"https:\/\/180degres.com\/en\/","name":"\u00c9ditions 180 degr\u00e9s","description":"Site de l&#039;auteur Patrice Berthiaume","potentialAction":[{"@type":"SearchAction","target":{"@type":"EntryPoint","urlTemplate":"https:\/\/180degres.com\/en\/?s={search_term_string}"},"query-input":{"@type":"PropertyValueSpecification","valueRequired":true,"valueName":"search_term_string"}}],"inLanguage":"en-US"}]}},"_links":{"self":[{"href":"https:\/\/180degres.com\/en\/wp-json\/wp\/v2\/pages\/32703","targetHints":{"allow":["GET"]}}],"collection":[{"href":"https:\/\/180degres.com\/en\/wp-json\/wp\/v2\/pages"}],"about":[{"href":"https:\/\/180degres.com\/en\/wp-json\/wp\/v2\/types\/page"}],"author":[{"embeddable":true,"href":"https:\/\/180degres.com\/en\/wp-json\/wp\/v2\/users\/1"}],"replies":[{"embeddable":true,"href":"https:\/\/180degres.com\/en\/wp-json\/wp\/v2\/comments?post=32703"}],"version-history":[{"count":1,"href":"https:\/\/180degres.com\/en\/wp-json\/wp\/v2\/pages\/32703\/revisions"}],"predecessor-version":[{"id":32768,"href":"https:\/\/180degres.com\/en\/wp-json\/wp\/v2\/pages\/32703\/revisions\/32768"}],"wp:attachment":[{"href":"https:\/\/180degres.com\/en\/wp-json\/wp\/v2\/media?parent=32703"}],"curies":[{"name":"wp","href":"https:\/\/api.w.org\/{rel}","templated":true}]}}