{"id":32705,"date":"2025-06-18T21:57:09","date_gmt":"2025-06-19T01:57:09","guid":{"rendered":"https:\/\/180degres.com\/shopping\/"},"modified":"2025-09-24T14:30:42","modified_gmt":"2025-09-24T18:30:42","slug":"shopping","status":"publish","type":"page","link":"https:\/\/180degres.com\/en\/shopping\/","title":{"rendered":"Shopping"},"content":{"rendered":"\n\n<h3>\n\t\t\t\u00c9ditions 180 degr\u00e9s\t<\/h3>\n\t<h2>Looking for the book? Ask your local bookstore or check the following details<\/h2>\n<p>&nbsp;<\/p>\n\t\t\t\t<img decoding=\"async\" src=\"https:\/\/180degres.com\/wp-content\/uploads\/2025\/09\/CCI00000-656x1024.jpg\" alt=\"CCI00000\" itemprop=\"image\" height=\"1024\" width=\"656\" title=\"CCI00000\" onerror=\"this.style.display='none'\" loading=\"lazy\" \/>\n<h3>\n\t\t\tMen Do Not Want Children\t<\/h3>\n\t<p>PRICES\u00a0:<\/p>\n<h3>Canada and the U.S.A.<\/h3>\n25.00$ CAD<br \/>\n+ 5.00$ CAD shipping fees\n<h3>Europe<\/h3>\n25,00\u20ac<br \/>\n+ 5.00\u20ac shipping fees\n<h3>Discounts:<\/h3>\nBuy 5 or more, get 5% off<br \/>\nBuy 10 or more, get 30% off<br \/>\nBuy 20 or more, get 40% off<br \/>\nBuy 50 or more, get 50% off !!\nPayments cash or by postal order:<br \/>\n\u00c9ditions 180 Degr\u00e9s<br \/>\n107 #A Principale Sud<br \/>\nSutton (Qu\u00e9bec) J0E 2K0<br \/>\nCanada\n\n","protected":false},"excerpt":{"rendered":"<p>\u00c9ditions 180 degr\u00e9s Looking for the book? Ask your local bookstore or check the following details &nbsp; Men Do Not Want Children PRICES\u00a0: Canada and the U.S.A. 25.00$ CAD + 5.00$ CAD shipping fees Europe 25,00\u20ac + 5.00\u20ac shipping fees Discounts: Buy 5 or more, get 5% off Buy 10 or more, get 30% off&hellip;<\/p>\n","protected":false},"author":1,"featured_media":0,"parent":0,"menu_order":0,"comment_status":"closed","ping_status":"closed","template":"","meta":{"footnotes":""},"class_list":["post-32705","page","type-page","status-publish","hentry"],"yoast_head":"<!-- This site is optimized with the Yoast SEO plugin v27.3 - https:\/\/yoast.com\/product\/yoast-seo-wordpress\/ -->\n<title>Shopping - \u00c9ditions 180 degr\u00e9s<\/title>\n<meta name=\"robots\" content=\"index, follow, max-snippet:-1, max-image-preview:large, max-video-preview:-1\" \/>\n<link rel=\"canonical\" href=\"https:\/\/180degres.com\/en\/shopping\/\" \/>\n<meta property=\"og:locale\" content=\"en_US\" \/>\n<meta property=\"og:type\" content=\"article\" \/>\n<meta property=\"og:title\" content=\"Shopping - \u00c9ditions 180 degr\u00e9s\" \/>\n<meta property=\"og:description\" content=\"\u00c9ditions 180 degr\u00e9s Looking for the book? Ask your local bookstore or check the following details &nbsp; Men Do Not Want Children PRICES\u00a0: Canada and the U.S.A. 25.00$ CAD + 5.00$ CAD shipping fees Europe 25,00\u20ac + 5.00\u20ac shipping fees Discounts: Buy 5 or more, get 5% off Buy 10 or more, get 30% off&hellip;\" \/>\n<meta property=\"og:url\" content=\"https:\/\/180degres.com\/en\/shopping\/\" \/>\n<meta property=\"og:site_name\" content=\"\u00c9ditions 180 degr\u00e9s\" \/>\n<meta property=\"article:modified_time\" content=\"2025-09-24T18:30:42+00:00\" \/>\n<meta property=\"og:image\" content=\"https:\/\/180degres.com\/wp-content\/uploads\/2025\/09\/CCI00000-656x1024.jpg\" \/>\n<meta name=\"twitter:card\" content=\"summary_large_image\" \/>\n<script type=\"application\/ld+json\" class=\"yoast-schema-graph\">{\"@context\":\"https:\\\/\\\/schema.org\",\"@graph\":[{\"@type\":\"WebPage\",\"@id\":\"https:\\\/\\\/180degres.com\\\/en\\\/shopping\\\/\",\"url\":\"https:\\\/\\\/180degres.com\\\/en\\\/shopping\\\/\",\"name\":\"Shopping - \u00c9ditions 180 degr\u00e9s\",\"isPartOf\":{\"@id\":\"https:\\\/\\\/180degres.com\\\/en\\\/#website\"},\"primaryImageOfPage\":{\"@id\":\"https:\\\/\\\/180degres.com\\\/en\\\/shopping\\\/#primaryimage\"},\"image\":{\"@id\":\"https:\\\/\\\/180degres.com\\\/en\\\/shopping\\\/#primaryimage\"},\"thumbnailUrl\":\"https:\\\/\\\/180degres.com\\\/wp-content\\\/uploads\\\/2025\\\/09\\\/CCI00000-656x1024.jpg\",\"datePublished\":\"2025-06-19T01:57:09+00:00\",\"dateModified\":\"2025-09-24T18:30:42+00:00\",\"breadcrumb\":{\"@id\":\"https:\\\/\\\/180degres.com\\\/en\\\/shopping\\\/#breadcrumb\"},\"inLanguage\":\"en-US\",\"potentialAction\":[{\"@type\":\"ReadAction\",\"target\":[\"https:\\\/\\\/180degres.com\\\/en\\\/shopping\\\/\"]}]},{\"@type\":\"ImageObject\",\"inLanguage\":\"en-US\",\"@id\":\"https:\\\/\\\/180degres.com\\\/en\\\/shopping\\\/#primaryimage\",\"url\":\"https:\\\/\\\/180degres.com\\\/wp-content\\\/uploads\\\/2025\\\/09\\\/CCI00000-656x1024.jpg\",\"contentUrl\":\"https:\\\/\\\/180degres.com\\\/wp-content\\\/uploads\\\/2025\\\/09\\\/CCI00000-656x1024.jpg\"},{\"@type\":\"BreadcrumbList\",\"@id\":\"https:\\\/\\\/180degres.com\\\/en\\\/shopping\\\/#breadcrumb\",\"itemListElement\":[{\"@type\":\"ListItem\",\"position\":1,\"name\":\"Accueil\",\"item\":\"https:\\\/\\\/180degres.com\\\/en\\\/accueil\\\/\"},{\"@type\":\"ListItem\",\"position\":2,\"name\":\"Shopping\"}]},{\"@type\":\"WebSite\",\"@id\":\"https:\\\/\\\/180degres.com\\\/en\\\/#website\",\"url\":\"https:\\\/\\\/180degres.com\\\/en\\\/\",\"name\":\"\u00c9ditions 180 degr\u00e9s\",\"description\":\"Site de l&#039;auteur Patrice Berthiaume\",\"potentialAction\":[{\"@type\":\"SearchAction\",\"target\":{\"@type\":\"EntryPoint\",\"urlTemplate\":\"https:\\\/\\\/180degres.com\\\/en\\\/?s={search_term_string}\"},\"query-input\":{\"@type\":\"PropertyValueSpecification\",\"valueRequired\":true,\"valueName\":\"search_term_string\"}}],\"inLanguage\":\"en-US\"}]}<\/script>\n<!-- \/ Yoast SEO plugin. -->","yoast_head_json":{"title":"Shopping - \u00c9ditions 180 degr\u00e9s","robots":{"index":"index","follow":"follow","max-snippet":"max-snippet:-1","max-image-preview":"max-image-preview:large","max-video-preview":"max-video-preview:-1"},"canonical":"https:\/\/180degres.com\/en\/shopping\/","og_locale":"en_US","og_type":"article","og_title":"Shopping - \u00c9ditions 180 degr\u00e9s","og_description":"\u00c9ditions 180 degr\u00e9s Looking for the book? Ask your local bookstore or check the following details &nbsp; Men Do Not Want Children PRICES\u00a0: Canada and the U.S.A. 25.00$ CAD + 5.00$ CAD shipping fees Europe 25,00\u20ac + 5.00\u20ac shipping fees Discounts: Buy 5 or more, get 5% off Buy 10 or more, get 30% off&hellip;","og_url":"https:\/\/180degres.com\/en\/shopping\/","og_site_name":"\u00c9ditions 180 degr\u00e9s","article_modified_time":"2025-09-24T18:30:42+00:00","og_image":[{"url":"https:\/\/180degres.com\/wp-content\/uploads\/2025\/09\/CCI00000-656x1024.jpg","type":"","width":"","height":""}],"twitter_card":"summary_large_image","schema":{"@context":"https:\/\/schema.org","@graph":[{"@type":"WebPage","@id":"https:\/\/180degres.com\/en\/shopping\/","url":"https:\/\/180degres.com\/en\/shopping\/","name":"Shopping - \u00c9ditions 180 degr\u00e9s","isPartOf":{"@id":"https:\/\/180degres.com\/en\/#website"},"primaryImageOfPage":{"@id":"https:\/\/180degres.com\/en\/shopping\/#primaryimage"},"image":{"@id":"https:\/\/180degres.com\/en\/shopping\/#primaryimage"},"thumbnailUrl":"https:\/\/180degres.com\/wp-content\/uploads\/2025\/09\/CCI00000-656x1024.jpg","datePublished":"2025-06-19T01:57:09+00:00","dateModified":"2025-09-24T18:30:42+00:00","breadcrumb":{"@id":"https:\/\/180degres.com\/en\/shopping\/#breadcrumb"},"inLanguage":"en-US","potentialAction":[{"@type":"ReadAction","target":["https:\/\/180degres.com\/en\/shopping\/"]}]},{"@type":"ImageObject","inLanguage":"en-US","@id":"https:\/\/180degres.com\/en\/shopping\/#primaryimage","url":"https:\/\/180degres.com\/wp-content\/uploads\/2025\/09\/CCI00000-656x1024.jpg","contentUrl":"https:\/\/180degres.com\/wp-content\/uploads\/2025\/09\/CCI00000-656x1024.jpg"},{"@type":"BreadcrumbList","@id":"https:\/\/180degres.com\/en\/shopping\/#breadcrumb","itemListElement":[{"@type":"ListItem","position":1,"name":"Accueil","item":"https:\/\/180degres.com\/en\/accueil\/"},{"@type":"ListItem","position":2,"name":"Shopping"}]},{"@type":"WebSite","@id":"https:\/\/180degres.com\/en\/#website","url":"https:\/\/180degres.com\/en\/","name":"\u00c9ditions 180 degr\u00e9s","description":"Site de l&#039;auteur Patrice Berthiaume","potentialAction":[{"@type":"SearchAction","target":{"@type":"EntryPoint","urlTemplate":"https:\/\/180degres.com\/en\/?s={search_term_string}"},"query-input":{"@type":"PropertyValueSpecification","valueRequired":true,"valueName":"search_term_string"}}],"inLanguage":"en-US"}]}},"_links":{"self":[{"href":"https:\/\/180degres.com\/en\/wp-json\/wp\/v2\/pages\/32705","targetHints":{"allow":["GET"]}}],"collection":[{"href":"https:\/\/180degres.com\/en\/wp-json\/wp\/v2\/pages"}],"about":[{"href":"https:\/\/180degres.com\/en\/wp-json\/wp\/v2\/types\/page"}],"author":[{"embeddable":true,"href":"https:\/\/180degres.com\/en\/wp-json\/wp\/v2\/users\/1"}],"replies":[{"embeddable":true,"href":"https:\/\/180degres.com\/en\/wp-json\/wp\/v2\/comments?post=32705"}],"version-history":[{"count":1,"href":"https:\/\/180degres.com\/en\/wp-json\/wp\/v2\/pages\/32705\/revisions"}],"predecessor-version":[{"id":32766,"href":"https:\/\/180degres.com\/en\/wp-json\/wp\/v2\/pages\/32705\/revisions\/32766"}],"wp:attachment":[{"href":"https:\/\/180degres.com\/en\/wp-json\/wp\/v2\/media?parent=32705"}],"curies":[{"name":"wp","href":"https:\/\/api.w.org\/{rel}","templated":true}]}}